{"id":518,"date":"2021-03-05T11:50:00","date_gmt":"2021-03-05T10:50:00","guid":{"rendered":"https:\/\/www.autohaus-isi.de\/?page_id=518"},"modified":"2021-04-14T12:52:26","modified_gmt":"2021-04-14T10:52:26","slug":"agb","status":"publish","type":"page","link":"https:\/\/www.autohaus-isi.de\/index.php\/agb\/","title":{"rendered":"AGBs"},"content":{"rendered":"<p>[vc_row el_class=&#8221;margin-bottom-none margin-top-30&#8243;][vc_column el_class=&#8221;margin-bottom-40&#8243;][vc_column_text]<\/p>\n<h4>AGB&#8217;s<\/h4>\n<p>[\/vc_column_text][vc_empty_space height=&#8221;20px&#8221;][vc_column_text]<\/p>\n<div>\n<div><img loading=\"lazy\" decoding=\"async\" class=\"alignnone wp-image-2025\" src=\"https:\/\/www.autohaus-isi.dewp-content\/uploads\/2021\/03\/logo_autohaus_isi_weiss_320x70px-300x66.png\" alt=\"\" width=\"320\" height=\"70\" srcset=\"https:\/\/www.autohaus-isi.de\/wp-content\/uploads\/2021\/03\/logo_autohaus_isi_weiss_320x70px-300x66.png 300w, https:\/\/www.autohaus-isi.de\/wp-content\/uploads\/2021\/03\/logo_autohaus_isi_weiss_320x70px.png 320w\" sizes=\"(max-width: 320px) 100vw, 320px\" \/><\/div>\n<p>&nbsp;<\/p>\n<\/div>\n<p>[\/vc_column_text][vc_row_inner][vc_column_inner][vc_column_text]<\/p>\n<h5>Allgemeine Gesch\u00e4ftsbedingungen f\u00fcr den Verkauf gebrauchter Kraftfahrzeuge und Anh\u00e4nger<\/h5>\n<p>[\/vc_column_text][vc_column_text]Unsere AGBs folgen einer Empfehlung des Zentralverbandes Deutsches<br \/>\nKraftfahrzeuggewerbe<\/p>\n<p>1. Vertragsabschluss \/ \u00dcbertragung von Rechten und Pflichten des K\u00e4ufers<\/p>\n<p>1.1. Der K\u00e4ufer ist an die Bestellung h\u00f6chstens 10 Tage, bei Nutzfahrzeugen bis 2 Wochen gebunden. Der Kaufvertrag ist abgeschlossen, wenn der Verk\u00e4ufer die Annahme der Bestellung des n\u00e4her bezeichneten Kaufgegenstandes innerhalb der jeweils genannten Fristen schriftlich best\u00e4tigt oder die Lieferung ausf\u00fchrt. Der Verk\u00e4ufer ist jedoch verpflichtet, den Besteller unverz\u00fcglich zu unterrichten, wenn er die Bestellung nicht annimmt.<\/p>\n<p>1.2. \u00dcbertragungen von Rechten und Pflichten des K\u00e4ufers aus dem Kaufvertrag bed\u00fcrfen der schriftlichen Zustimmung des Verk\u00e4ufers<\/p>\n<p>2. Zahlung<\/p>\n<p>2.1. Der Kaufpreis und Preise f\u00fcr Nebenleistungen sind bei \u00dcbergabe des Kaufgegenstandes und Aush\u00e4ndigung oder \u00dcbersendung der Rechnung zur Zahlung f\u00e4llig.<\/p>\n<p>2.2. Gegen Anspr\u00fcche des Verk\u00e4ufers kann der K\u00e4ufer nur dann aufrechnen, wenn die Gegenforderung des K\u00e4ufers unbestritten ist oder ein rechtskr\u00e4ftiger Titel vorliegt; ein Zur\u00fcckbehaltungsrecht kann er nur geltend machen, soweit es auf Anspr\u00fcchen aus dem Kaufvertrag beruht.<\/p>\n<p>3. Lieferung und Lieferverzug<\/p>\n<p>3.1. Liefertermine und Lieferfristen, die verbindlich oder unverbindlich vereinbart werden k\u00f6nnen, sind schriftlich anzugeben. Lieferfristen beginnen mit Vertragsabschlu\u00df.<\/p>\n<p>3.2. Der K\u00e4ufer kann zehn Tage, bei Nutzfahrzeugen zwei Wochen nach \u00dcberschreiten eines unverbindlichen Liefertermins den Verk\u00e4ufer auffordern zu liefern. Mit dem Zugang der Aufforderung kommt der Verk\u00e4ufer in Verzug.<br \/>\nHat der K\u00e4ufer Anspruch auf Ersatz eines Verzugsschadens, beschr\u00e4nkt sich dieser bei leichter Fahrl\u00e4ssigkeit des Verk\u00e4ufers auf h\u00f6chstens 5% des vereinbarten Kaufpreises.<\/p>\n<p>3.3. Will der K\u00e4ufer dar\u00fcber hinaus vom Vertrag zur\u00fccktreten, und\/oder Schadenersatz statt der Leistung, verlangen, muss er dem Verk\u00e4ufer nach Ablauf der betreffenden Frist gem\u00e4\u00df Ziffer 2, Satz 1 dieses Abschnitts eine angemessene Frist zur Lieferung setzen.<br \/>\nHat der K\u00e4ufer Anspruch auf Schadenersatz statt der Leistung, beschr\u00e4nkt sich der Anspruch bei leichter Fahrl\u00e4ssigkeit auf h\u00f6chstens 10% des vereinbarten Kaufpreises. Ist der K\u00e4ufer eine juristische Person des \u00f6ffentlichen Rechts, ein \u00f6ffentlich-rechtliches Sonderverm\u00f6gen oder ein Unternehmer, der bei Abschluss des Vertrages in Aus\u00fcbung seiner gewerblichen oder selbst\u00e4ndigen beruflichen T\u00e4tigkeit handelt, sind Schadenersatzanspr\u00fcche statt der Leistung<br \/>\nbei leichter Fahrl\u00e4ssigkeit ausgeschlossen.<br \/>\nWird dem Verk\u00e4ufer w\u00e4hrend er in Verzug ist, die Lieferung durch Zufall unm\u00f6glich, so haftet er mit den vorstehend vereinbarten\u00a0 Haftungsbegrenzungen. Der Verk\u00e4ufer haftet nicht, wenn der Schaden auch bei rechtzeitiger Lieferung eingetreten w\u00e4re.<\/p>\n<p>3.4. Wird ein verbindlicher Liefertermin oder eine verbindliche Lieferfrist \u00fcberschritten, kommt der Verk\u00e4ufer bereits mit \u00dcberschreiten des Liefertermins oder der Lieferfrist in Verzug. Die Rechte des K\u00e4ufers bestimmen sich dann nach Ziffer 2, Satz 3 und Ziffer 3 dieses Abschnitts.<\/p>\n<p>3.5. H\u00f6here Gewalt oder beim Verk\u00e4ufer oder dessen Lieferanten eintretende Betriebsst\u00f6rungen, die den Verk\u00e4ufer ohne eigenes Verschulden vor\u00fcbergehend daran hindern, den Kaufgegenstand zum vereinbarten Termin oder innerhalb der vereinbarten Frist zu liefern, ver\u00e4ndern die in Ziffern 1 bis 4 dieses Abschnitts genannten Termine und Fristen um die Dauer der durch diese Umst\u00e4nde bedingten Leistungsst\u00f6rungen. F\u00fchren entsprechende St\u00f6rungen<br \/>\nzu einem Leistungsaufschub von mehr als vier Monaten, kann der K\u00e4ufer vom Vertrag zur\u00fccktreten. Andere R\u00fccktrittsrechte bleiben davon unber\u00fchrt.<\/p>\n<p>4. Abnahme<\/p>\n<p>4.1. Der K\u00e4ufer ist verpflichtet, den Kaufgegenstand innerhalb von acht Tagen ab Zugang der Bereitstellungsanzeige abzunehmen. Im Falle der Nichtabnahme kann der Verk\u00e4ufer von seinen gesetzlichen Rechten Gebrauch machen.<\/p>\n<p>4.2. Verlangt der Verk\u00e4ufer Schadenersatz, so betr\u00e4gt dieser 15% des Kaufpreises. Der Schadenersatz ist h\u00f6her anzusetzen, wenn der Verk\u00e4ufer einen h\u00f6heren Schaden nachweist.<\/p>\n<p>5. Eigentumsvorbehalt<\/p>\n<p>5.1. Der Kaufgegenstand bleibt bis zum Ausgleich der dem Verk\u00e4ufer aufgrund des Kaufvertrages zustehenden Forderungen Eigentum des Verk\u00e4ufers.<\/p>\n<p>5.2. Ist der K\u00e4ufer eine juristische Person des \u00f6ffentlichen Rechts, ein \u00f6ffentlich-rechtliches Sonderverm\u00f6gen oder ein Unternehmer, der bei Abschluss des Vertrages in Aus\u00fcbung seiner gewerblichen oder selbst\u00e4ndigen beruflichen T\u00e4tigkeit handelt, bleibt der Eigentumsvorbehalt auch bestehen f\u00fcr Forderungen des Verk\u00e4ufers gegen den K\u00e4ufer aus der laufenden<br \/>\nGesch\u00e4ftsbeziehung bis zum Ausgleich von im Zusammenhang mit dem Kauf bestehender Forderungen.<br \/>\nAuf Verlangen des K\u00e4ufers ist der Verk\u00e4ufer zum Verzicht auf den Eigentumsvorbehalt verpflichtet, wenn der K\u00e4ufer s\u00e4mtliche mit dem Kaufgegenstand und im Zusammenhang stehende Forderungen unanfechtbar erf\u00fcllt hat und f\u00fcr die \u00fcbrigen Forderungen aus den laufenden Gesch\u00e4ftsbeziehungen eine angemessene Sicherung besteht.<br \/>\nW\u00e4hrend der Dauer des Eigentumsvorbehalts steht das Recht zum Besitz der<br \/>\nZulassungsbescheinigung Teil II (Fahrzeugbrief) dem Verk\u00e4ufer zu.<\/p>\n<p>5.3. Bei Zahlungsverzug des K\u00e4ufers kann der Verk\u00e4ufer vom Kaufvertrag zur\u00fccktreten.<\/p>\n<p>5.4. Solange der Eigentumsvorbehalt besteht, darf der K\u00e4ufer \u00fcber den Kaufgegenstand weder verf\u00fcgen noch Dritten vertraglich eine Nutzung einr\u00e4umen.<\/p>\n<p>6. Sachmangel<\/p>\n<p>6.1. Anspr\u00fcche des K\u00e4ufers wegen Sachm\u00e4ngeln verj\u00e4hren in einem Jahr ab Ablieferung des Kaufgegenstandes an den Kunden.<br \/>\nIst der K\u00e4ufer eine juristische Person des \u00f6ffentlichen Rechts, ein \u00f6ffentlich rechtliches Sonderverm\u00f6gen oder ein Unternehmer ist, der bei Abschluss des Vertrages in Aus\u00fcbung seiner gewerblichen oder selbst\u00e4ndigen beruflichen T\u00e4tigkeit handelt, erfolgt der Verkauf unter Ausschluss jeglicher\u00a0 Sachm\u00e4ngelhaftung.<br \/>\nWeitergehende Anspr\u00fcche bleiben unber\u00fchrt, soweit der Verk\u00e4ufer aufgrund Gesetz zwingend haftet oder etwas anderes vereinbart wird, insbesondere im Falle der \u00dcbernahme einer Garantie.<\/p>\n<p>6.2. Anspr\u00fcche wegen Sachm\u00e4ngeln hat der K\u00e4ufer beim Verk\u00e4ufer geltend zu machen. Bei m\u00fcndlichen Anzeigen ist dem K\u00e4ufer eine schriftliche Best\u00e4tigung \u00fcber den Eingang der Anzeige auszuh\u00e4ndigen.<\/p>\n<p>6.3. Abschnitt VI Sachmangel gilt nicht f\u00fcr Anspr\u00fcche auf Schadenersatz; f\u00fcr diese Anspr\u00fcche gilt Abschnitt VII Haftung.<\/p>\n<p>7. Haftung<\/p>\n<p>7.1. Hat der Verk\u00e4ufer nach den gesetzlichen Bestimmungen f\u00fcr einen Schaden aufzukommen, der leicht fahrl\u00e4ssig verursacht wurde, so haftet der Auftragnehmer beschr\u00e4nkt:<br \/>\nDie Haftung besteht nur bei Verletzung vertragswesentlicher Pflichten, etwa solcher, die der Kaufvertrag dem Verk\u00e4ufer nach Inhalt und Zweck gerade auferlegen will oder deren Erf\u00fcllung die ordnungsgem\u00e4\u00dfe Durchf\u00fchrung des Kaufvertrages \u00fcberhaupt erst erm\u00f6glicht und auf deren Einhaltung der K\u00e4ufer regelm\u00e4\u00dfig vertraut und vertrauen darf. Diese Haftung ist auf den bei Vertragsabschluss vorhersehbaren typischen Schaden begrenzt. Soweit der<br \/>\nSchaden durch eine vom K\u00e4ufer f\u00fcr den betreffenden Schadenfall abgeschlossene Versicherung (ausgenommen Summenversicherung) gedeckt ist, haftet der Verk\u00e4ufer nur f\u00fcr etwaige damit verbundene Nachteile des K\u00e4ufers, z.B. h\u00f6here Versicherungspr\u00e4mien oder Zinsnachteile bis zur Schadenregulierung durch die Versicherung<\/p>\n<p>7.2. Unabh\u00e4ngig von einem Verschulden des Verk\u00e4ufers bleibt eine etwaige Haftung des Verk\u00e4ufers bei arglistigem Verschweigen des Mangels, aus der \u00dcbernahme einer Garantie oder eines Beschaffungsrisikos und nach dem Produkthaftungsgesetz unber\u00fchrt.<\/p>\n<p>7.3. Die Haftung wegen Lieferverzuges ist in Abschnitt III abschlie\u00dfend geregelt.<\/p>\n<p>7.4. Ausgeschlossen ist die pers\u00f6nliche Haftung der gesetzlichen Vertreter, Erf\u00fcllungsgehilfen und Betriebsangeh\u00f6rigen des Verk\u00e4ufers f\u00fcr von ihnen durch leichte Fahrl\u00e4ssigkeit verursachte Sch\u00e4den.<\/p>\n<p>7.5. Die Haftungsbeschr\u00e4nkungen dieses Abschnitts gelten nicht bei Verletzung von Leben, K\u00f6rper und Gesundheit.<\/p>\n<p>8. Schiedsstelle (Schiedsverfahren)<br \/>\n(Gilt nur f\u00fcr gebrauchte Fahrzeuge mit einem zul\u00e4ssigen Gesamtgewicht von nicht mehr als 3,5t)<\/p>\n<p>8.1. F\u00fchrt der Kfz-Betrieb das Meisterschild &#8220;Meisterbetrieb der Kfz-Innung&#8221; oder das Basisschild &#8220;Mitgliedsbetrieb der Kfz-Innung&#8221; oder &#8220;Autohandel mit Qualit\u00e4t und Sicherheit&#8221;, k\u00f6nnen die Parteien bei Streitigkeiten aus dem Auftrag -mit Ausnahme \u00fcber den Kaufpreis- die f\u00fcr den Sitz des Verk\u00e4ufers zust\u00e4ndige Schiedsstelle des Kfz-Gewerbes anrufen. Die Anrufung muss<br \/>\nschriftlich unverz\u00fcglich nach Kenntnis des Streitpunktes, sp\u00e4testens vor Ablauf von 13 Monaten seit Ablieferung des Kaufgegenstandes erfolgen.<\/p>\n<p>8.2. Durch die Entscheidung der Schiedsstelle wird der Rechtsweg nicht ausgeschlossen.<\/p>\n<p>8.3. Durch die Anrufung der Schiedsstelle ist die Verj\u00e4hrung f\u00fcr die Dauer des Verfahrens gehemmt.<\/p>\n<p>8.4. Das Verfahren vor der Schiedsstelle richtet sich nach deren Gesch\u00e4fts- und<br \/>\nVerfahrensordnung, die den Parteien auf Verlangen von der Schiedsstelle ausgeh\u00e4ndigt wird.<\/p>\n<p>8.5. Die Anrufung der Schiedsstelle ist ausgeschlossen, wenn bereits der Rechtsweg beschritten ist.<br \/>\nWird der Rechtsweg w\u00e4hrend eines Schiedsstellenverfahrens beschritten, stellt die Schiedsstelle ihre T\u00e4tigkeit ein.<\/p>\n<p>8.6.F\u00fcr die Inanspruchnahme der Schiedsstelle werden Kosten nicht erhoben.<\/p>\n<p>9. Gerichtsstand<\/p>\n<p>9.1. F\u00fcr s\u00e4mtliche gegenw\u00e4rtigen und zuk\u00fcnftigen Anspr\u00fcche aus der Gesch\u00e4ftsverbindung mit Kaufleuten einschlie\u00dflich Wechsel- und Scheckforderungen ist ausschlie\u00dflicher Gerichtsstand der Sitz des Verk\u00e4ufers.<\/p>\n<p>9.2. Der gleiche Gerichtsstand gilt, wenn der K\u00e4ufer keinen allgemeinen Gerichtsstand im Inland hat, nach Vertragsabschlu\u00df seinen Wohnsitz oder gew\u00f6hnlichen Aufenthaltsort aus dem Inland verlegt oder sein Wohnsitz oder gew\u00f6hnlicher Aufenthaltsort zum Zeitpunkt der Klageerhebung nicht bekannt ist. Im \u00fcbrigen gilt bei Anspr\u00fcchen des Verk\u00e4ufers gegen\u00fcber dem K\u00e4ufer dessen Wohnsitz als Gerichtsstand.[\/vc_column_text][\/vc_column_inner][\/vc_row_inner][\/vc_column][\/vc_row][vc_row el_class=&#8221;margin-bottom-none padding-bottom-40&#8243;][vc_column][vc_empty_space height=&#8221;120px&#8221;][\/vc_column][\/vc_row]<\/p>\n","protected":false},"excerpt":{"rendered":"<p>[vc_row el_class=&#8221;margin-bottom-none margin-top-30&#8243;][vc_column el_class=&#8221;margin-bottom-40&#8243;][vc_column_text]<\/p>\n<p> AGB&#8217;s <\/p>\n<p>[\/vc_column_text][vc_empty_space height=&#8221;20px&#8221;][vc_column_text]<\/p>\n<p> <img loading=\"lazy\" decoding=\"async\" class=\"alignnone wp-image-2025\" src=\"https:\/\/www.autohaus-isi.dewp-content\/uploads\/2021\/03\/logo_autohaus_isi_weiss_320x70px-300x66.png\" alt=\"\" width=\"320\" height=\"70\" srcset=\"https:\/\/www.autohaus-isi.de\/wp-content\/uploads\/2021\/03\/logo_autohaus_isi_weiss_320x70px-300x66.png 300w, https:\/\/www.autohaus-isi.de\/wp-content\/uploads\/2021\/03\/logo_autohaus_isi_weiss_320x70px.png 320w\" sizes=\"(max-width: 320px) 100vw, 320px\" \/> <\/p>\n<p>&nbsp;<\/p>\n<p>[\/vc_column_text][vc_row_inner][vc_column_inner][vc_column_text]<\/p>\n<p> Allgemeine Gesch\u00e4ftsbedingungen f\u00fcr den Verkauf gebrauchter Kraftfahrzeuge und Anh\u00e4nger <\/p>\n<p>[\/vc_column_text][vc_column_text]Unsere AGBs folgen einer Empfehlung des Zentralverbandes Deutsches<br \/> Kraftfahrzeuggewerbe<\/p>\n<p>1. Vertragsabschluss \/ \u00dcbertragung von Rechten und Pflichten des K\u00e4ufers<\/p>\n<p>1.1. Der K\u00e4ufer ist an die Bestellung h\u00f6chstens 10 Tage, bei Nutzfahrzeugen bis 2 Wochen gebunden. Der Kaufvertrag ist abgeschlossen, wenn der Verk\u00e4ufer die Annahme der Bestellung des n\u00e4her bezeichneten Kaufgegenstandes innerhalb der jeweils genannten Fristen schriftlich best\u00e4tigt oder die Lieferung ausf\u00fchrt. Der Verk\u00e4ufer ist jedoch verpflichtet, den Besteller unverz\u00fcglich zu unterrichten, wenn er die Bestellung nicht annimmt.<\/p>\n<p>1.2. \u00dcbertragungen von Rechten und Pflichten des K\u00e4ufers aus dem Kaufvertrag bed\u00fcrfen der schriftlichen Zustimmung des Verk\u00e4ufers<\/p>\n<p>2. Zahlung<\/p>\n<p>2.1. Der Kaufpreis und Preise f\u00fcr Nebenleistungen sind bei \u00dcbergabe des Kaufgegenstandes und Aush\u00e4ndigung oder \u00dcbersendung der Rechnung zur Zahlung f\u00e4llig.<\/p>\n<p>2.2. [&#8230;]<\/p>\n","protected":false},"author":1,"featured_media":0,"parent":0,"menu_order":0,"comment_status":"closed","ping_status":"closed","template":"","meta":{"footnotes":""},"_links":{"self":[{"href":"https:\/\/www.autohaus-isi.de\/index.php\/wp-json\/wp\/v2\/pages\/518"}],"collection":[{"href":"https:\/\/www.autohaus-isi.de\/index.php\/wp-json\/wp\/v2\/pages"}],"about":[{"href":"https:\/\/www.autohaus-isi.de\/index.php\/wp-json\/wp\/v2\/types\/page"}],"author":[{"embeddable":true,"href":"https:\/\/www.autohaus-isi.de\/index.php\/wp-json\/wp\/v2\/users\/1"}],"replies":[{"embeddable":true,"href":"https:\/\/www.autohaus-isi.de\/index.php\/wp-json\/wp\/v2\/comments?post=518"}],"version-history":[{"count":9,"href":"https:\/\/www.autohaus-isi.de\/index.php\/wp-json\/wp\/v2\/pages\/518\/revisions"}],"predecessor-version":[{"id":2670,"href":"https:\/\/www.autohaus-isi.de\/index.php\/wp-json\/wp\/v2\/pages\/518\/revisions\/2670"}],"wp:attachment":[{"href":"https:\/\/www.autohaus-isi.de\/index.php\/wp-json\/wp\/v2\/media?parent=518"}],"curies":[{"name":"wp","href":"https:\/\/api.w.org\/{rel}","templated":true}]}}