{"id":414,"date":"2021-03-04T10:21:27","date_gmt":"2021-03-04T09:21:27","guid":{"rendered":"https:\/\/www.autohaus-isi.de\/?page_id=414"},"modified":"2023-11-27T08:09:48","modified_gmt":"2023-11-27T07:09:48","slug":"datenschutz","status":"publish","type":"page","link":"https:\/\/www.autohaus-isi.de\/index.php\/datenschutz\/","title":{"rendered":"Datenschutz"},"content":{"rendered":"<p>[vc_row el_class=&#8221;margin-bottom-none margin-top-30&#8243;][vc_column el_class=&#8221;margin-bottom-40&#8243;][vc_column_text]<\/p>\n<h4>DATENSCHUTZ<\/h4>\n<p>[\/vc_column_text][vc_empty_space height=&#8221;20px&#8221;][vc_row_inner][vc_column_inner][vc_column_text]<\/p>\n<h5>Hinweise zum Datenschutz<\/h5>\n<p>&nbsp;<\/p>\n<h5>Datenschutzerkl\u00e4rung<\/h5>\n<p>Wir freuen uns \u00fcber Ihren Besuch auf unserer Webseite und Ihr Interesse an unserem Unternehmen. Den Schutz Ihrer pers\u00f6nlichen Daten und deren vertrauliche Behandlung nehmen wir sehr ernst.<\/p>\n<p>Mit nachfolgenden Hinweisen zum Datenschutz m\u00f6chten wir Sie informieren, wann wir welche Daten speichern und wie wir sie verwenden \u2013 selbstverst\u00e4ndlich unter Beachtung der am 25.05.2018 eingef\u00fchrten europ\u00e4ischen Datenschutz-Grundverordnung (DSGVO).<\/p>\n<p>&nbsp;<\/p>\n<h5>Anonyme Datenerhebung<\/h5>\n<p>Wenn Sie auf unsere Internetseiten zugreifen, erfassen unsere Web-Server automatisch Informationen allgemeiner Natur. Dazu geh\u00f6ren die Art des Webbrowsers, das verwendete Betriebssystem, der Domainname des Internet Service Providers, die IP-Adresse des verwendeten Computers, die Webseite, von der aus Sie uns besuchen, die Seiten, die Sie bei uns besuchen sowie das Datum und die Dauer des Besuches. Hierbei handelt es sich ausschlie\u00dflich um Informationen, welche keine R\u00fcckschl\u00fcsse auf Ihre Person zulassen. Wir werten diese Daten nur f\u00fcr statistische Zwecke und nur in anonymer Form aus.<\/p>\n<p>&nbsp;<\/p>\n<h5>Erhebung und Verarbeitung personenbezogener Daten<\/h5>\n<p>Personenbezogene Daten werden nur erhoben, wenn Sie diese von sich aus, zum Beispiel zur Durchf\u00fchrung eines Auftrages, oder einer Registrierung f\u00fcr personalisierte Dienste mitteilen. Dort werden Sie \u00fcber den beabsichtigten Verarbeitungszweck informiert und falls erforderlich um Ihre Zustimmung zur Speicherung gebeten. Ihre Daten werden vor der \u00dcbertragung und Verarbeitung verschl\u00fcsselt, um diese vor dem Zugriff unberechtigter Personen zu sch\u00fctzen. Ausnahme stellt hierbei der E-Mail-Versand dar.<\/p>\n<p>&nbsp;<\/p>\n<h5>Nutzung und Weitergabe der erhobenen Daten<\/h5>\n<p>Die im Rahmen unserer Webseiten erhobenen personenbezogenen Daten werden ohne Ihre Einwilligung nur zur Auftragsabwicklung oder Bearbeitung Ihrer Anfragen genutzt und daf\u00fcr gegebenenfalls an die zust\u00e4ndige Abteilung weitergegeben. Ihre jeweilige Einwilligung k\u00f6nnen Sie jederzeit mit Wirkung f\u00fcr die Zukunft widerrufen.<\/p>\n<p>Ihre Daten werden nicht verkauft, vermietet oder in anderer Weise Dritten zur Verf\u00fcgung gestellt. \u00dcbermittlungen personenbezogener Daten an staatliche Einrichtungen und Beh\u00f6rden erfolgen nur im Rahmen zwingender nationaler Rechtsvorschriften. Unsere Mitarbeiter, Agenturen und H\u00e4ndler sind von uns zu strengster Vertraulichkeit verpflichtet.<\/p>\n<p>&nbsp;<\/p>\n<h5>Cookies<\/h5>\n<p>In einigen Bereichen unserer Seiten werden sogenannte Cookies eingesetzt. Ein Cookie ist eine kleine Textdatei, die von einer Website auf Ihrer Festplatte abgelegt wird. Cookies richten auf Ihrem Rechner keinen Schaden an und enthalten keine Viren. Die Cookies unserer Internetseiten erheben keinerlei personenbezogene Daten. Die in Cookies enthaltenen Informationen verwenden wir, um Ihnen die Nutzung unserer Seiten zu erleichtern und sie auf Ihre Bed\u00fcrfnisse abzustimmen.<\/p>\n<p>Nat\u00fcrlich k\u00f6nnen Sie unsere Webseite auch ohne Cookies betrachten. Falls Sie nicht m\u00f6chten, dass Cookies auf Ihrem Rechner gespeichert werden, k\u00f6nnen Sie die entsprechende Option in den Systemeinstellungen Ihres Browsers deaktivieren. Gespeicherte Cookies k\u00f6nnen Sie in den Systemeinstellungen Ihres Browsers jederzeit l\u00f6schen. Wenn Sie keine Cookies akzeptieren, kann dieses allerdings zu Funktionseinschr\u00e4nkungen unserer Angebote f\u00fchren.<\/p>\n<p>&nbsp;<\/p>\n<h5>Google Analytics<\/h5>\n<p>Diese Website benutzt Google Analytics, einen Webanalysedienst der Alphabet Inc. (\u201eGoogle\u201c). Google Analytics verwendet sog. \u201eCookies\u201c, Textdateien, die auf Ihrem Computer gespeichert werden und die eine Analyse der Benutzung der Website durch Sie erm\u00f6glichen. Die durch den Cookie erzeugten Informationen \u00fcber Ihre Benutzung dieser Website werden in der Regel an einen Server von Google in den USA \u00fcbertragen und dort gespeichert. Im Falle der Aktivierung der IP-Anonymisierung auf dieser Webseite, wird Ihre IP-Adresse von Google jedoch innerhalb von Mitgliedstaaten der Europ\u00e4ischen Union oder in anderen Vertragsstaaten des Abkommens \u00fcber den Europ\u00e4ischen Wirtschaftsraum zuvor gek\u00fcrzt. Nur in Ausnahmef\u00e4llen wird die volle IP Adresse an einen Server von Google in den USA \u00fcbertragen und dort gek\u00fcrzt. Im Auftrag des Betreibers dieser Website wird Google diese Informationen benutzen, um Ihre Nutzung der Website auszuwerten, um Reports \u00fcber die Websiteaktivit\u00e4ten zusammenzustellen und um weitere mit der Websitenutzung und der Internetnutzung verbundene Dienstleistungen gegen\u00fcber dem Websitebetreiber zu erbringen. Die im Rahmen von Google Analytics von Ihrem Browser \u00fcbermittelte IP-Adresse wird nicht mit anderen Daten von Google zusammengef\u00fchrt. Sie k\u00f6nnen die Speicherung der Cookies durch eine entsprechende Einstellung Ihrer Browser-Software verhindern; wir weisen Sie jedoch darauf hin, dass Sie in diesem Fall gegebenenfalls nicht s\u00e4mtliche Funktionen dieser Website vollumf\u00e4nglich werden nutzen k\u00f6nnen.<\/p>\n<p>Remarketing- bzw. \u201e\u00c4hnliche Zielgruppen\u201c-Funktion der Alphabet Inc.<\/p>\n<p>Diese Website benutzt die Google AdWords Remarketing- bzw. \u201e\u00c4hnliche Zielgruppen\u201c-Funktion von Google. Diese Funktion dient dazu, Nutzern unserer Website und anderen Nutzern mit \u00e4hnlichen Interessen aufgrund ihres Online-Nutzerverhaltens gezielte Produktempfehlungen und interessenbasierte Werbung einzublenden, wenn die Nutzer andere Websites im Google Display-Netzwerk besuchen oder eine Google-Suche ausf\u00fchren. Werden auf diesen Websites unsere Werbeanzeigen eingeblendet, werden uns Informationen \u00fcber den Besuch dieser Websites \u00fcbermittelt, z.B. wie oft unsere Anzeige angesehen wurde, wie viele Klicks und Besuche \u00fcber eine bestimmte Werbeanzeige generiert wurden und welche Inhalte nach einem Klick auf eine Werbeanzeige auf unserer Website aufgerufen wurden.<\/p>\n<p>Die Grundlage dieser interessenbezogenen Werbung bildet eine Analyse des Online-Nutzerverhaltens. Zur Durchf\u00fchrung dieser Analyse setzt Google Cookies ein. Cookies sind kleine Textdateien, die von einem Webserver generiert und mittels des genutzten Webbrowsers auf Ihrem Computer gespeichert werden w\u00e4hrend Sie eine Website im Google Display-Netzwerk oder einen bestimmten Google-Dienst besuchen. Diese Cookies enthalten Informationen zu Ihrem letzten Besuch oder zu Einstellungen Ihres<\/p>\n<p>Browsers wie z.B. die eingestellte Sprache.<\/p>\n<p>Die Cookies dienen zur Erfassung der Besuche der Website mittels einer eindeutigen Identifikation eines Webbrowsers auf einem bestimmten Computer und nicht zur Identifikation einer Person. S\u00e4mtliche Daten werden durch Verwendung eines Pseudonyms gespeichert, so dass ein R\u00fcckschluss auf die Person des Nutzers und damit eine pers\u00f6nliche Identifikation nicht ohne Weiteres m\u00f6glich ist.<\/p>\n<p>Sie k\u00f6nnen die Verwendung von Cookies durch Google deaktivieren, indem sie die Anzeigenvorgaben aufrufen und das Opt-out entsprechend umsetzen. Alternativ k\u00f6nnen Sie die Verwendung von Cookies durch Drittanbieter deaktivieren, indem Sie die Deaktivierungsseite der Netzwerkinitiative aufrufen und die dort genannten weiterf\u00fchrenden Information zum Opt-Out umsetzen.<\/p>\n<p>Weiterf\u00fchrende Informationen zu Google Remarketing bzw. \u201e\u00c4hnliche Zielgruppen\u201c k\u00f6nnen Sie einsehen unter: https:\/\/support.google.com\/adwords\/answer\/2676774?hl=de<\/p>\n<p>Die Datenschutzerkl\u00e4rung von Google k\u00f6nnen Sie einsehen unter: http:\/\/www.google.de\/policies\/privacy<\/p>\n<p>Dar\u00fcber hinaus k\u00f6nnen Sie das Setzen von Cookies auch \u00fcber Ihre Browsereinstellungen steuern (s.o.).<\/p>\n<p>&nbsp;<\/p>\n<h5>Sicherheit<\/h5>\n<p>Die Firma Autohaus ISI setzt technische und organisatorische Sicherheitsma\u00dfnahmen ein, um Ihre durch uns verwalteten Daten gegen zuf\u00e4llige oder vors\u00e4tzliche Manipulationen, Verlust, Zerst\u00f6rung oder vor dem Zugriff unberechtigter Personen zu sch\u00fctzen. Unsere Sicherheitsma\u00dfnahmen werden entsprechend der technologischen Entwicklung fortlaufend verbessert.<\/p>\n<p>&nbsp;<\/p>\n<h5>Rechte der Betroffenen<\/h5>\n<p>Auf Anforderung teilen wir Ihnen schriftlich mit, ob und welche pers\u00f6nlichen Daten \u00fcber Sie bei uns gespeichert sind. Sollten falsche Informationen gespeichert sein, werden wir diese auf Ihre Aufforderung hin berichtigen. Sie k\u00f6nnen Ihre Einwilligung zur Speicherung Ihrer pers\u00f6nlichen Daten jederzeit durch eine kurze schriftliche Nachricht f\u00fcr die Zukunft widerrufen.<\/p>\n<p>Dar\u00fcber hinaus k\u00f6nnen Sie sich bei Fragen bez\u00fcglich der Verarbeitung Ihrer pers\u00f6nlichen Daten schriftlich an uns wenden.<\/p>\n<p>&nbsp;<\/p>\n<h5>Datenschutzbeauftragter:<\/h5>\n<p>Gem\u00e4\u00df \u00a7 4f Abs. 1 S. 4 BDSG stellt die Firma Autohaus ISI GmbH keinen Datenschutzbeauftragten.[\/vc_column_text][\/vc_column_inner][\/vc_row_inner][\/vc_column][\/vc_row][vc_row el_class=&#8221;margin-bottom-none padding-bottom-40&#8243;][vc_column][vc_empty_space height=&#8221;120px&#8221;][\/vc_column][\/vc_row]<\/p>\n","protected":false},"excerpt":{"rendered":"<p>[vc_row el_class=&#8221;margin-bottom-none margin-top-30&#8243;][vc_column el_class=&#8221;margin-bottom-40&#8243;][vc_column_text]<\/p>\n<p> DATENSCHUTZ <\/p>\n<p>[\/vc_column_text][vc_empty_space height=&#8221;20px&#8221;][vc_row_inner][vc_column_inner][vc_column_text]<\/p>\n<p> Hinweise zum Datenschutz <\/p>\n<p>&nbsp;<\/p>\n<p> Datenschutzerkl\u00e4rung <\/p>\n<p>Wir freuen uns \u00fcber Ihren Besuch auf unserer Webseite und Ihr Interesse an unserem Unternehmen. Den Schutz Ihrer pers\u00f6nlichen Daten und deren vertrauliche Behandlung nehmen wir sehr ernst.<\/p>\n<p>Mit nachfolgenden Hinweisen zum Datenschutz m\u00f6chten wir Sie informieren, wann wir welche Daten speichern und wie wir sie verwenden \u2013 selbstverst\u00e4ndlich unter Beachtung der am 25.05.2018 eingef\u00fchrten europ\u00e4ischen Datenschutz-Grundverordnung (DSGVO).<\/p>\n<p>&nbsp;<\/p>\n<p> Anonyme Datenerhebung <\/p>\n<p>Wenn Sie auf unsere Internetseiten zugreifen, erfassen unsere Web-Server automatisch Informationen allgemeiner Natur. Dazu geh\u00f6ren die Art des Webbrowsers, das verwendete Betriebssystem, der Domainname des Internet Service Providers, die IP-Adresse des verwendeten Computers, die Webseite, von der aus Sie uns besuchen, die Seiten, die Sie bei uns besuchen sowie das Datum und die Dauer des Besuches. Hierbei handelt es sich ausschlie\u00dflich um Informationen, welche keine R\u00fcckschl\u00fcsse auf Ihre Person zulassen. Wir werten diese Daten nur f\u00fcr statistische Zwecke und nur in anonymer [&#8230;]<\/p>\n","protected":false},"author":1,"featured_media":0,"parent":0,"menu_order":0,"comment_status":"closed","ping_status":"closed","template":"","meta":{"footnotes":""},"_links":{"self":[{"href":"https:\/\/www.autohaus-isi.de\/index.php\/wp-json\/wp\/v2\/pages\/414"}],"collection":[{"href":"https:\/\/www.autohaus-isi.de\/index.php\/wp-json\/wp\/v2\/pages"}],"about":[{"href":"https:\/\/www.autohaus-isi.de\/index.php\/wp-json\/wp\/v2\/types\/page"}],"author":[{"embeddable":true,"href":"https:\/\/www.autohaus-isi.de\/index.php\/wp-json\/wp\/v2\/users\/1"}],"replies":[{"embeddable":true,"href":"https:\/\/www.autohaus-isi.de\/index.php\/wp-json\/wp\/v2\/comments?post=414"}],"version-history":[{"count":10,"href":"https:\/\/www.autohaus-isi.de\/index.php\/wp-json\/wp\/v2\/pages\/414\/revisions"}],"predecessor-version":[{"id":9914,"href":"https:\/\/www.autohaus-isi.de\/index.php\/wp-json\/wp\/v2\/pages\/414\/revisions\/9914"}],"wp:attachment":[{"href":"https:\/\/www.autohaus-isi.de\/index.php\/wp-json\/wp\/v2\/media?parent=414"}],"curies":[{"name":"wp","href":"https:\/\/api.w.org\/{rel}","templated":true}]}}