{"id":282,"date":"2021-03-02T09:17:33","date_gmt":"2021-03-02T08:17:33","guid":{"rendered":"http:\/\/www.autohaus-isi.de\/wordpress\/?page_id=282"},"modified":"2025-02-16T20:21:06","modified_gmt":"2025-02-16T19:21:06","slug":"home","status":"publish","type":"page","link":"https:\/\/www.autohaus-isi.de\/","title":{"rendered":"Home"},"content":{"rendered":"<p>[vc_row][vc_column][vc_empty_space height=&#8221;20px&#8221;][\/vc_column][\/vc_row][vc_row][vc_column][vc_images_carousel images=&#8221;6973,6975,6977,6976,6978,6979,6980,6981,6982,6983,6990,6991,6992,6993&#8243; img_size=&#8221;450&#8243; onclick=&#8221;link_no&#8221; slides_per_view=&#8221;6&#8243; autoplay=&#8221;yes&#8221; hide_pagination_control=&#8221;yes&#8221; hide_prev_next_buttons=&#8221;yes&#8221; wrap=&#8221;yes&#8221;][\/vc_column][\/vc_row][vc_row][vc_column][vc_empty_space height=&#8221;40px&#8221;][\/vc_column][\/vc_row][vc_row][vc_column][vc_column_text]<\/p>\n<h4>Herzlich Willkommen im Autohaus ISI<\/h4>\n<p>[\/vc_column_text][vc_row_inner][vc_column_inner width=&#8221;5\/6&#8243;][vc_column_text]<\/p>\n<h6>Als freier Sportwagen-H\u00e4ndler lassen wir seit 1996 automobile Tr\u00e4ume wahr werden.<\/h6>\n<p>[\/vc_column_text][vc_column_text]<\/p>\n<h6>Durch unser internationales Netzwerk verf\u00fcgen wir jederzeit \u00fcber ein exklusives und au\u00dfergew\u00f6hnliches Sortiment an einzigartigen Sportwagen und Luxusfahrzeugen. Gerne gehen wir auf Ihre individuellen W\u00fcnsche ein und stehen Ihnen auch nach dem Kauf als Ansprechpartner zur Seite. Unsere Kunden sch\u00e4tzen die professionelle, zuverl\u00e4ssige und reibungslose Abwicklung.<\/h6>\n<p>&nbsp;<\/p>\n<h6>Bei Fragen rund um unseren Service sprechen Sie uns einfach an, wir finden L\u00f6sungen f\u00fcr jede Anforderung.<\/h6>\n<h6><\/h6>\n<h6>Wir nehmen nur Automobile in unseren Bestand auf, von denen wir selbst \u00fcberzeugt sind. Egal f\u00fcr welches Modell Sie sich entscheiden, alle Fahrzeuge werden bei uns nat\u00fcrlich komplett durchgecheckt und mit einer 12-monatlichen Gebrauchtwagen-Garantie verkauft.<\/h6>\n<h6><\/h6>\n<h6>Desweiteren gibt es die M\u00f6glichkeit einige Fahrzeuge direkt beim Hersteller abzusichern (Anschlussgarantie).<\/h6>\n<p>&nbsp;<\/p>\n<h6>Besuchen Sie unseren Showroom und entdecken selbst das Autohaus ISI-Erlebnis. F\u00fcr weitere Informationen \u00fcber unsere Fahrzeuge, Service oder Probefahrten, kontaktieren Sie uns gerne.<\/h6>\n<p>&nbsp;<\/p>\n<h6>Besichtigungstermine nur nach Vereinbarung!<\/h6>\n<p>[\/vc_column_text][\/vc_column_inner][vc_column_inner width=&#8221;1\/6&#8243;][vc_single_image image=&#8221;1995&#8243; img_size=&#8221;full&#8221; alignment=&#8221;center&#8221;][\/vc_column_inner][\/vc_row_inner][\/vc_column][\/vc_row][vc_row][vc_column][vc_empty_space height=&#8221;40px&#8221;][\/vc_column][\/vc_row][vc_row][vc_column][vc_column_text]<\/p>\n\r\n        <div class='html5_video_players'  data-nonce=\"56bcc10533\" data-attributes=\"{&quot;type&quot;:&quot;block&quot;,&quot;additionalID&quot;:&quot;&quot;,&quot;options&quot;:{&quot;controls&quot;:[&quot;play-large&quot;,&quot;play&quot;,&quot;progress&quot;,&quot;current-time&quot;,&quot;mute&quot;,&quot;volume&quot;,&quot;settings&quot;,&quot;pip&quot;,&quot;download&quot;,&quot;fullscreen&quot;],&quot;tooltips&quot;:{&quot;controls&quot;:true,&quot;seek&quot;:true},&quot;seekTime&quot;:10,&quot;loop&quot;:{&quot;active&quot;:false},&quot;autoplay&quot;:false,&quot;muted&quot;:true,&quot;hideControls&quot;:true,&quot;resetOnEnd&quot;:true,&quot;captions&quot;:{&quot;active&quot;:false,&quot;update&quot;:false,&quot;language&quot;:&quot;auto&quot;},&quot;ratio&quot;:&quot;16:9&quot;,&quot;speed&quot;:{&quot;selected&quot;:1,&quot;options&quot;:[0.5,0.75,1,1.25,1.75]},&quot;storage&quot;:{&quot;enabled&quot;:true},&quot;urls&quot;:{&quot;enabled&quot;:false,&quot;download&quot;:null},&quot;markers&quot;:{&quot;enabled&quot;:true,&quot;points&quot;:[]},&quot;ads&quot;:{&quot;enabled&quot;:false,&quot;tagUrl&quot;:false},&quot;preload&quot;:&quot;metadata&quot;},&quot;features&quot;:{&quot;overlay&quot;:{&quot;enabled&quot;:false,&quot;items&quot;:[{&quot;color&quot;:&quot;&quot;,&quot;hoverColor&quot;:&quot;&quot;,&quot;fontSize&quot;:&quot;17px&quot;,&quot;link&quot;:&quot;&quot;,&quot;logo&quot;:&quot;&quot;,&quot;position&quot;:false,&quot;text&quot;:&quot;&quot;,&quot;type&quot;:&quot;logo&quot;,&quot;backgroundColor&quot;:false,&quot;opacity&quot;:false}]},&quot;sticky&quot;:{&quot;enabled&quot;:false,&quot;position&quot;:&quot;top_right&quot;},&quot;chapters&quot;:[],&quot;watermark&quot;:{&quot;enabled&quot;:false},&quot;thumbInPause&quot;:{&quot;enabled&quot;:false,&quot;type&quot;:&quot;default&quot;},&quot;endScreen&quot;:{&quot;enabled&quot;:false,&quot;text&quot;:false,&quot;btnText&quot;:false,&quot;btnLink&quot;:false},&quot;popup&quot;:{&quot;enabled&quot;:false,&quot;selector&quot;:&quot;&quot;,&quot;hasBtn&quot;:false,&quot;type&quot;:&quot;poster&quot;,&quot;btnText&quot;:&quot;Watch Video&quot;,&quot;btnStyle&quot;:[]},&quot;hideYoutubeUI&quot;:false,&quot;playWhenVisible&quot;:false},&quot;propagans&quot;:&quot;&quot;,&quot;customDownloadURL&quot;:false,&quot;captionEnabled&quot;:false,&quot;disableDownload&quot;:false,&quot;disablePause&quot;:false,&quot;startTime&quot;:0,&quot;autoplayWhenVisible&quot;:false,&quot;saveState&quot;:false,&quot;protected&quot;:false,&quot;captions&quot;:[],&quot;qualities&quot;:[],&quot;source&quot;:&quot;https:\\\/\\\/www.autohaus-isi.de\\\/wp-content\\\/uploads\\\/2021\\\/04\\\/Autohaus-Isi-Imagefilm-Home_aac.mp4&quot;,&quot;poster&quot;:&quot;https:\\\/\\\/www.autohaus-isi.de\\\/wp-content\\\/uploads\\\/2021\\\/04\\\/Imagefilm_vorschaubild_2.jpg&quot;,&quot;hideYoutubeUI&quot;:false,&quot;branding&quot;:{&quot;enabled&quot;:false,&quot;color&quot;:&quot;#fff&quot;},&quot;styles&quot;:{&quot;plyr_wrapper&quot;:{&quot;width&quot;:&quot;px&quot;}},&quot;uniqueId&quot;:&quot;h5vp69f1f5fb8b5bf&quot;,&quot;data&quot;:[]}\">\r\n            \r\n        <\/div>\r\n\r\n        \n<p>[\/vc_column_text][\/vc_column][\/vc_row][vc_row][vc_column][vc_separator color=&#8221;custom&#8221; accent_color=&#8221;#939393&#8243;][\/vc_column][\/vc_row][vc_row][vc_column][vc_single_image image=&#8221;9849&#8243; img_size=&#8221;full&#8221; alignment=&#8221;center&#8221;][vc_column_text]<\/p>\n<div class=\"imTALeft\" style=\"text-align: center;\"><span class=\"fs14lh1-5 cf2 ff2\">Bahnhofstr. 8 | <\/span><span class=\"fs14lh1-5 cf2 ff2\">D-86956 Schongau<\/span><\/div>\n<div><\/div>\n<div class=\"imTALeft\" style=\"text-align: center;\"><span class=\"fs14lh1-5 cf2 ff2\">Tel.: +49 (0) 8861 31 77<\/span><\/div>\n<p>[\/vc_column_text][\/vc_column][\/vc_row][vc_row][vc_column][vc_empty_space height=&#8221;40px&#8221;][\/vc_column][\/vc_row][vc_row][vc_column][vc_separator color=&#8221;custom&#8221; accent_color=&#8221;#939393&#8243;][\/vc_column][\/vc_row][vc_row][vc_column][vc_column_text]<\/p>\n<h6 style=\"text-align: center;\"><span style=\"color: #ffffff;\">Markenrecht \/ Markenhinweis<\/span><\/h6>\n<p style=\"text-align: center;\"><span style=\"color: #999999;\">Alle Firmennamen, Markennamen und Warenzeichen, die auf diesen Seiten genannt oder gezeigt werden sind eingetragene Warenzeichen der betreffenden Firmen und die Nennung erfolgt nur aus Identifizierungsgr\u00fcnden. Alle Rechte sind deren Inhabern vorbehalten.<\/span><\/p>\n<p>[\/vc_column_text][\/vc_column][\/vc_row]<\/p>\n","protected":false},"excerpt":{"rendered":"<p>[vc_row][vc_column][vc_empty_space height=&#8221;20px&#8221;][\/vc_column][\/vc_row][vc_row][vc_column][vc_images_carousel images=&#8221;6973,6975,6977,6976,6978,6979,6980,6981,6982,6983,6990,6991,6992,6993&#8243; img_size=&#8221;450&#8243; onclick=&#8221;link_no&#8221; slides_per_view=&#8221;6&#8243; autoplay=&#8221;yes&#8221; hide_pagination_control=&#8221;yes&#8221; hide_prev_next_buttons=&#8221;yes&#8221; wrap=&#8221;yes&#8221;][\/vc_column][\/vc_row][vc_row][vc_column][vc_empty_space height=&#8221;40px&#8221;][\/vc_column][\/vc_row][vc_row][vc_column][vc_column_text]<\/p>\n<p> Herzlich Willkommen im Autohaus ISI <\/p>\n<p>[\/vc_column_text][vc_row_inner][vc_column_inner width=&#8221;5\/6&#8243;][vc_column_text]<\/p>\n<p> Als freier Sportwagen-H\u00e4ndler lassen wir seit 1996 automobile Tr\u00e4ume wahr werden. <\/p>\n<p>[\/vc_column_text][vc_column_text]<\/p>\n<p> Durch unser internationales Netzwerk verf\u00fcgen wir jederzeit \u00fcber ein exklusives und au\u00dfergew\u00f6hnliches Sortiment an einzigartigen Sportwagen und Luxusfahrzeugen. Gerne gehen wir auf Ihre individuellen W\u00fcnsche ein und stehen Ihnen auch nach dem Kauf als Ansprechpartner zur Seite. Unsere Kunden sch\u00e4tzen die professionelle, zuverl\u00e4ssige und reibungslose Abwicklung. <\/p>\n<p>&nbsp;<\/p>\n<p> Bei Fragen rund um unseren Service sprechen Sie uns einfach an, wir finden L\u00f6sungen f\u00fcr jede Anforderung. Wir nehmen nur Automobile in unseren Bestand auf, von denen wir selbst \u00fcberzeugt sind. Egal f\u00fcr welches Modell Sie sich entscheiden, alle Fahrzeuge werden bei uns nat\u00fcrlich komplett durchgecheckt und mit einer 12-monatlichen Gebrauchtwagen-Garantie verkauft. Desweiteren gibt es die M\u00f6glichkeit einige Fahrzeuge direkt beim Hersteller abzusichern (Anschlussgarantie). <\/p>\n<p>&nbsp;<\/p>\n<p> Besuchen Sie unseren Showroom und entdecken selbst das Autohaus ISI-Erlebnis. F\u00fcr weitere Informationen [&#8230;]<\/p>\n","protected":false},"author":1,"featured_media":0,"parent":0,"menu_order":0,"comment_status":"closed","ping_status":"closed","template":"","meta":{"footnotes":""},"_links":{"self":[{"href":"https:\/\/www.autohaus-isi.de\/index.php\/wp-json\/wp\/v2\/pages\/282"}],"collection":[{"href":"https:\/\/www.autohaus-isi.de\/index.php\/wp-json\/wp\/v2\/pages"}],"about":[{"href":"https:\/\/www.autohaus-isi.de\/index.php\/wp-json\/wp\/v2\/types\/page"}],"author":[{"embeddable":true,"href":"https:\/\/www.autohaus-isi.de\/index.php\/wp-json\/wp\/v2\/users\/1"}],"replies":[{"embeddable":true,"href":"https:\/\/www.autohaus-isi.de\/index.php\/wp-json\/wp\/v2\/comments?post=282"}],"version-history":[{"count":118,"href":"https:\/\/www.autohaus-isi.de\/index.php\/wp-json\/wp\/v2\/pages\/282\/revisions"}],"predecessor-version":[{"id":14945,"href":"https:\/\/www.autohaus-isi.de\/index.php\/wp-json\/wp\/v2\/pages\/282\/revisions\/14945"}],"wp:attachment":[{"href":"https:\/\/www.autohaus-isi.de\/index.php\/wp-json\/wp\/v2\/media?parent=282"}],"curies":[{"name":"wp","href":"https:\/\/api.w.org\/{rel}","templated":true}]}}